{"id":1239,"date":"2024-09-17T19:36:48","date_gmt":"2024-09-17T22:36:48","guid":{"rendered":"https:\/\/sustainamusic.com\/?page_id=1239"},"modified":"2024-09-24T14:07:28","modified_gmt":"2024-09-24T17:07:28","slug":"artista","status":"publish","type":"page","link":"https:\/\/sustainamusic.com\/en\/artista\/","title":{"rendered":"Artista\u200b"},"content":{"rendered":"<div data-elementor-type=\"wp-page\" data-elementor-id=\"1239\" class=\"elementor elementor-1239\" data-elementor-post-type=\"page\">\n\t\t\t\t<div class=\"elementor-element elementor-element-0072ecf e-con-full e-flex elementor-invisible e-con e-parent\" data-id=\"0072ecf\" data-element_type=\"container\" data-settings=\"{&quot;background_background&quot;:&quot;classic&quot;,&quot;animation&quot;:&quot;slideInLeft&quot;}\">\n\t\t\t\t<div class=\"elementor-element elementor-element-3da2b08 elementor-widget elementor-widget-image\" data-id=\"3da2b08\" data-element_type=\"widget\" data-widget_type=\"image.default\">\n\t\t\t\t<div class=\"elementor-widget-container\">\n\t\t\t\t\t\t\t\t\t\t\t\t\t\t\t<img decoding=\"async\" src=\"https:\/\/sustainamusic.com\/wp-content\/uploads\/elementor\/thumbs\/Artista-qu9e84n396n1v1843mqo14vskxz9zng8w8k1jkmybk.jpg\" title=\"Artists\" alt=\"Artista\" loading=\"lazy\" \/>\t\t\t\t\t\t\t\t\t\t\t\t\t\t\t<\/div>\n\t\t\t\t<\/div>\n\t\t<div class=\"elementor-element elementor-element-8966756 e-con-full e-flex e-con e-child\" data-id=\"8966756\" data-element_type=\"container\">\n\t\t\t\t<div class=\"elementor-element elementor-element-b838461 elementor-widget elementor-widget-heading\" data-id=\"b838461\" data-element_type=\"widget\" data-widget_type=\"heading.default\">\n\t\t\t\t<div class=\"elementor-widget-container\">\n\t\t\t\t\t<h2 class=\"elementor-heading-title elementor-size-default\">Artists<\/h2>\t\t\t\t<\/div>\n\t\t\t\t<\/div>\n\t\t\t\t<div class=\"elementor-element elementor-element-be28f11 elementor-widget elementor-widget-text-editor\" data-id=\"be28f11\" data-element_type=\"widget\" data-widget_type=\"text-editor.default\">\n\t\t\t\t<div class=\"elementor-widget-container\">\n\t\t\t\t\t\t\t\t\t<p>Join our community of leading sustainability artists. Be part of the change and use your influence to promote responsible practices. We help you reduce the environmental impact of your tours and concerts by providing constant support and access to collaborations with eco-friendly brands.<\/p><p>Benefits: Increased prestige as a committed artist, sustainable sponsorships, and the opportunity to collaborate with other artists and organizers, creating positive change that inspires your audience.<\/p>\t\t\t\t\t\t\t\t<\/div>\n\t\t\t\t<\/div>\n\t\t<div class=\"elementor-element elementor-element-b0b3e16 e-con-full e-flex e-con e-child\" data-id=\"b0b3e16\" data-element_type=\"container\">\n\t\t\t\t<div class=\"elementor-element elementor-element-01b4201 elementor-align-left elementor-widget elementor-widget-button\" data-id=\"01b4201\" data-element_type=\"widget\" data-widget_type=\"button.default\">\n\t\t\t\t<div class=\"elementor-widget-container\">\n\t\t\t\t\t\t\t\t\t<div class=\"elementor-button-wrapper\">\n\t\t\t\t\t<a class=\"elementor-button elementor-button-link elementor-size-sm elementor-animation-grow\" href=\"https:\/\/sustainamusic.com\/en\/participar\/\">\n\t\t\t\t\t\t<span class=\"elementor-button-content-wrapper\">\n\t\t\t\t\t\t\t\t\t<span class=\"elementor-button-text\">Back<\/span>\n\t\t\t\t\t<\/span>\n\t\t\t\t\t<\/a>\n\t\t\t\t<\/div>\n\t\t\t\t\t\t\t\t<\/div>\n\t\t\t\t<\/div>\n\t\t\t\t<div class=\"elementor-element elementor-element-7f70039 elementor-align-left elementor-widget elementor-widget-button\" data-id=\"7f70039\" data-element_type=\"widget\" data-widget_type=\"button.default\">\n\t\t\t\t<div class=\"elementor-widget-container\">\n\t\t\t\t\t\t\t\t\t<div class=\"elementor-button-wrapper\">\n\t\t\t\t\t<a class=\"elementor-button elementor-button-link elementor-size-sm elementor-animation-grow\" href=\"https:\/\/sustainamusic.com\/en\/contacto\/\">\n\t\t\t\t\t\t<span class=\"elementor-button-content-wrapper\">\n\t\t\t\t\t\t\t\t\t<span class=\"elementor-button-text\">Contact<\/span>\n\t\t\t\t\t<\/span>\n\t\t\t\t\t<\/a>\n\t\t\t\t<\/div>\n\t\t\t\t\t\t\t\t<\/div>\n\t\t\t\t<\/div>\n\t\t\t\t<\/div>\n\t\t\t\t<\/div>\n\t\t\t\t<\/div>\n\t\t\t\t<\/div>","protected":false},"excerpt":{"rendered":"<p>Artista \u00danete a nuestra comunidad de artistas l\u00edderes en sostenibilidad. S\u00e9 parte del cambio y usa tu influencia para promover pr\u00e1cticas responsables. Te ayudamos a reducir el impacto ambiental de tus giras y conciertos, brind\u00e1ndote soporte constante y acceso a colaboraciones con marcas ecol\u00f3gicas. Beneficios: Mayor prestigio como artista comprometido, patrocinios sostenibles y la oportunidad [&hellip;]<\/p>","protected":false},"author":1,"featured_media":0,"parent":0,"menu_order":0,"comment_status":"closed","ping_status":"closed","template":"","meta":{"site-sidebar-layout":"no-sidebar","site-content-layout":"","ast-site-content-layout":"full-width-container","site-content-style":"default","site-sidebar-style":"default","ast-global-header-display":"","ast-banner-title-visibility":"","ast-main-header-display":"","ast-hfb-above-header-display":"","ast-hfb-below-header-display":"","ast-hfb-mobile-header-display":"","site-post-title":"disabled","ast-breadcrumbs-content":"","ast-featured-img":"disabled","footer-sml-layout":"","theme-transparent-header-meta":"","adv-header-id-meta":"","stick-header-meta":"","header-above-stick-meta":"","header-main-stick-meta":"","header-below-stick-meta":"","astra-migrate-meta-layouts":"default","ast-page-background-enabled":"default","ast-page-background-meta":{"desktop":{"background-color":"var(--ast-global-color-4)","background-image":"","background-repeat":"repeat","background-position":"center center","background-size":"auto","background-attachment":"scroll","background-type":"","background-media":"","overlay-type":"","overlay-color":"","overlay-opacity":"","overlay-gradient":""},"tablet":{"background-color":"","background-image":"","background-repeat":"repeat","background-position":"center center","background-size":"auto","background-attachment":"scroll","background-type":"","background-media":"","overlay-type":"","overlay-color":"","overlay-opacity":"","overlay-gradient":""},"mobile":{"background-color":"","background-image":"","background-repeat":"repeat","background-position":"center center","background-size":"auto","background-attachment":"scroll","background-type":"","background-media":"","overlay-type":"","overlay-color":"","overlay-opacity":"","overlay-gradient":""}},"ast-content-background-meta":{"desktop":{"background-color":"var(--ast-global-color-5)","background-image":"","background-repeat":"repeat","background-position":"center center","background-size":"auto","background-attachment":"scroll","background-type":"","background-media":"","overlay-type":"","overlay-color":"","overlay-opacity":"","overlay-gradient":""},"tablet":{"background-color":"var(--ast-global-color-5)","background-image":"","background-repeat":"repeat","background-position":"center center","background-size":"auto","background-attachment":"scroll","background-type":"","background-media":"","overlay-type":"","overlay-color":"","overlay-opacity":"","overlay-gradient":""},"mobile":{"background-color":"var(--ast-global-color-5)","background-image":"","background-repeat":"repeat","background-position":"center center","background-size":"auto","background-attachment":"scroll","background-type":"","background-media":"","overlay-type":"","overlay-color":"","overlay-opacity":"","overlay-gradient":""}},"footnotes":""},"class_list":["post-1239","page","type-page","status-publish","hentry"],"yoast_head":"<!-- This site is optimized with the Yoast SEO plugin v26.1.1 - https:\/\/yoast.com\/wordpress\/plugins\/seo\/ -->\n<title>Artista\u200b - SustainaMusic<\/title>\n<meta name=\"robots\" content=\"index, follow, max-snippet:-1, max-image-preview:large, max-video-preview:-1\" \/>\n<link rel=\"canonical\" href=\"https:\/\/sustainamusic.com\/en\/artista\/\" \/>\n<meta property=\"og:locale\" content=\"en_GB\" \/>\n<meta property=\"og:type\" content=\"article\" \/>\n<meta property=\"og:title\" content=\"Artista\u200b - SustainaMusic\" \/>\n<meta property=\"og:description\" content=\"Artista \u00danete a nuestra comunidad de artistas l\u00edderes en sostenibilidad. S\u00e9 parte del cambio y usa tu influencia para promover pr\u00e1cticas responsables. Te ayudamos a reducir el impacto ambiental de tus giras y conciertos, brind\u00e1ndote soporte constante y acceso a colaboraciones con marcas ecol\u00f3gicas. Beneficios: Mayor prestigio como artista comprometido, patrocinios sostenibles y la oportunidad [&hellip;]\" \/>\n<meta property=\"og:url\" content=\"https:\/\/sustainamusic.com\/en\/artista\/\" \/>\n<meta property=\"og:site_name\" content=\"SustainaMusic\" \/>\n<meta property=\"article:modified_time\" content=\"2024-09-24T17:07:28+00:00\" \/>\n<meta property=\"og:image\" content=\"https:\/\/sustainamusic.com\/wp-content\/uploads\/elementor\/thumbs\/Artista-qu9e84n396n1v1843mqo14vskxz9zng8w8k1jkmybk.jpg\" \/>\n<meta name=\"twitter:card\" content=\"summary_large_image\" \/>\n<meta name=\"twitter:site\" content=\"@SustainaMusic\" \/>\n<script type=\"application\/ld+json\" class=\"yoast-schema-graph\">{\"@context\":\"https:\/\/schema.org\",\"@graph\":[{\"@type\":\"WebPage\",\"@id\":\"https:\/\/sustainamusic.com\/artista\/\",\"url\":\"https:\/\/sustainamusic.com\/artista\/\",\"name\":\"Artista\u200b - SustainaMusic\",\"isPartOf\":{\"@id\":\"https:\/\/sustainamusic.com\/#website\"},\"primaryImageOfPage\":{\"@id\":\"https:\/\/sustainamusic.com\/artista\/#primaryimage\"},\"image\":{\"@id\":\"https:\/\/sustainamusic.com\/artista\/#primaryimage\"},\"thumbnailUrl\":\"https:\/\/sustainamusic.com\/wp-content\/uploads\/elementor\/thumbs\/Artista-qu9e84n396n1v1843mqo14vskxz9zng8w8k1jkmybk.jpg\",\"datePublished\":\"2024-09-17T22:36:48+00:00\",\"dateModified\":\"2024-09-24T17:07:28+00:00\",\"breadcrumb\":{\"@id\":\"https:\/\/sustainamusic.com\/artista\/#breadcrumb\"},\"inLanguage\":\"en-GB\",\"potentialAction\":[{\"@type\":\"ReadAction\",\"target\":[\"https:\/\/sustainamusic.com\/artista\/\"]}]},{\"@type\":\"ImageObject\",\"inLanguage\":\"en-GB\",\"@id\":\"https:\/\/sustainamusic.com\/artista\/#primaryimage\",\"url\":\"https:\/\/sustainamusic.com\/wp-content\/uploads\/elementor\/thumbs\/Artista-qu9e84n396n1v1843mqo14vskxz9zng8w8k1jkmybk.jpg\",\"contentUrl\":\"https:\/\/sustainamusic.com\/wp-content\/uploads\/elementor\/thumbs\/Artista-qu9e84n396n1v1843mqo14vskxz9zng8w8k1jkmybk.jpg\"},{\"@type\":\"BreadcrumbList\",\"@id\":\"https:\/\/sustainamusic.com\/artista\/#breadcrumb\",\"itemListElement\":[{\"@type\":\"ListItem\",\"position\":1,\"name\":\"Portada\",\"item\":\"https:\/\/sustainamusic.com\/\"},{\"@type\":\"ListItem\",\"position\":2,\"name\":\"Artista\u200b\"}]},{\"@type\":\"WebSite\",\"@id\":\"https:\/\/sustainamusic.com\/#website\",\"url\":\"https:\/\/sustainamusic.com\/\",\"name\":\"SustainaMusic\",\"description\":\"Sostenibilidad en Eventos Musicales\",\"publisher\":{\"@id\":\"https:\/\/sustainamusic.com\/#organization\"},\"potentialAction\":[{\"@type\":\"SearchAction\",\"target\":{\"@type\":\"EntryPoint\",\"urlTemplate\":\"https:\/\/sustainamusic.com\/?s={search_term_string}\"},\"query-input\":{\"@type\":\"PropertyValueSpecification\",\"valueRequired\":true,\"valueName\":\"search_term_string\"}}],\"inLanguage\":\"en-GB\"},{\"@type\":\"Organization\",\"@id\":\"https:\/\/sustainamusic.com\/#organization\",\"name\":\"SustainaMusic\",\"url\":\"https:\/\/sustainamusic.com\/\",\"logo\":{\"@type\":\"ImageObject\",\"inLanguage\":\"en-GB\",\"@id\":\"https:\/\/sustainamusic.com\/#\/schema\/logo\/image\/\",\"url\":\"https:\/\/sustainamusic.com\/wp-content\/uploads\/2024\/11\/Logo-Nuevo-Sustaina-Music.png\",\"contentUrl\":\"https:\/\/sustainamusic.com\/wp-content\/uploads\/2024\/11\/Logo-Nuevo-Sustaina-Music.png\",\"width\":717,\"height\":160,\"caption\":\"SustainaMusic\"},\"image\":{\"@id\":\"https:\/\/sustainamusic.com\/#\/schema\/logo\/image\/\"},\"sameAs\":[\"https:\/\/x.com\/SustainaMusic\",\"https:\/\/www.instagram.com\/sustaina.music\",\"https:\/\/www.linkedin.com\/company\/sustainamusic\/\"]}]}<\/script>\n<!-- \/ Yoast SEO plugin. -->","yoast_head_json":{"title":"Artista\u200b - SustainaMusic","robots":{"index":"index","follow":"follow","max-snippet":"max-snippet:-1","max-image-preview":"max-image-preview:large","max-video-preview":"max-video-preview:-1"},"canonical":"https:\/\/sustainamusic.com\/en\/artista\/","og_locale":"en_GB","og_type":"article","og_title":"Artista\u200b - SustainaMusic","og_description":"Artista \u00danete a nuestra comunidad de artistas l\u00edderes en sostenibilidad. S\u00e9 parte del cambio y usa tu influencia para promover pr\u00e1cticas responsables. Te ayudamos a reducir el impacto ambiental de tus giras y conciertos, brind\u00e1ndote soporte constante y acceso a colaboraciones con marcas ecol\u00f3gicas. Beneficios: Mayor prestigio como artista comprometido, patrocinios sostenibles y la oportunidad [&hellip;]","og_url":"https:\/\/sustainamusic.com\/en\/artista\/","og_site_name":"SustainaMusic","article_modified_time":"2024-09-24T17:07:28+00:00","og_image":[{"url":"https:\/\/sustainamusic.com\/wp-content\/uploads\/elementor\/thumbs\/Artista-qu9e84n396n1v1843mqo14vskxz9zng8w8k1jkmybk.jpg","type":"","width":"","height":""}],"twitter_card":"summary_large_image","twitter_site":"@SustainaMusic","schema":{"@context":"https:\/\/schema.org","@graph":[{"@type":"WebPage","@id":"https:\/\/sustainamusic.com\/artista\/","url":"https:\/\/sustainamusic.com\/artista\/","name":"Artista\u200b - SustainaMusic","isPartOf":{"@id":"https:\/\/sustainamusic.com\/#website"},"primaryImageOfPage":{"@id":"https:\/\/sustainamusic.com\/artista\/#primaryimage"},"image":{"@id":"https:\/\/sustainamusic.com\/artista\/#primaryimage"},"thumbnailUrl":"https:\/\/sustainamusic.com\/wp-content\/uploads\/elementor\/thumbs\/Artista-qu9e84n396n1v1843mqo14vskxz9zng8w8k1jkmybk.jpg","datePublished":"2024-09-17T22:36:48+00:00","dateModified":"2024-09-24T17:07:28+00:00","breadcrumb":{"@id":"https:\/\/sustainamusic.com\/artista\/#breadcrumb"},"inLanguage":"en-GB","potentialAction":[{"@type":"ReadAction","target":["https:\/\/sustainamusic.com\/artista\/"]}]},{"@type":"ImageObject","inLanguage":"en-GB","@id":"https:\/\/sustainamusic.com\/artista\/#primaryimage","url":"https:\/\/sustainamusic.com\/wp-content\/uploads\/elementor\/thumbs\/Artista-qu9e84n396n1v1843mqo14vskxz9zng8w8k1jkmybk.jpg","contentUrl":"https:\/\/sustainamusic.com\/wp-content\/uploads\/elementor\/thumbs\/Artista-qu9e84n396n1v1843mqo14vskxz9zng8w8k1jkmybk.jpg"},{"@type":"BreadcrumbList","@id":"https:\/\/sustainamusic.com\/artista\/#breadcrumb","itemListElement":[{"@type":"ListItem","position":1,"name":"Portada","item":"https:\/\/sustainamusic.com\/"},{"@type":"ListItem","position":2,"name":"Artista\u200b"}]},{"@type":"WebSite","@id":"https:\/\/sustainamusic.com\/#website","url":"https:\/\/sustainamusic.com\/","name":"SustainaMusic","description":"Sostenibilidad en Eventos Musicales","publisher":{"@id":"https:\/\/sustainamusic.com\/#organization"},"potentialAction":[{"@type":"SearchAction","target":{"@type":"EntryPoint","urlTemplate":"https:\/\/sustainamusic.com\/?s={search_term_string}"},"query-input":{"@type":"PropertyValueSpecification","valueRequired":true,"valueName":"search_term_string"}}],"inLanguage":"en-GB"},{"@type":"Organization","@id":"https:\/\/sustainamusic.com\/#organization","name":"SustainaMusic","url":"https:\/\/sustainamusic.com\/","logo":{"@type":"ImageObject","inLanguage":"en-GB","@id":"https:\/\/sustainamusic.com\/#\/schema\/logo\/image\/","url":"https:\/\/sustainamusic.com\/wp-content\/uploads\/2024\/11\/Logo-Nuevo-Sustaina-Music.png","contentUrl":"https:\/\/sustainamusic.com\/wp-content\/uploads\/2024\/11\/Logo-Nuevo-Sustaina-Music.png","width":717,"height":160,"caption":"SustainaMusic"},"image":{"@id":"https:\/\/sustainamusic.com\/#\/schema\/logo\/image\/"},"sameAs":["https:\/\/x.com\/SustainaMusic","https:\/\/www.instagram.com\/sustaina.music","https:\/\/www.linkedin.com\/company\/sustainamusic\/"]}]}},"_links":{"self":[{"href":"https:\/\/sustainamusic.com\/en\/wp-json\/wp\/v2\/pages\/1239","targetHints":{"allow":["GET"]}}],"collection":[{"href":"https:\/\/sustainamusic.com\/en\/wp-json\/wp\/v2\/pages"}],"about":[{"href":"https:\/\/sustainamusic.com\/en\/wp-json\/wp\/v2\/types\/page"}],"author":[{"embeddable":true,"href":"https:\/\/sustainamusic.com\/en\/wp-json\/wp\/v2\/users\/1"}],"replies":[{"embeddable":true,"href":"https:\/\/sustainamusic.com\/en\/wp-json\/wp\/v2\/comments?post=1239"}],"version-history":[{"count":37,"href":"https:\/\/sustainamusic.com\/en\/wp-json\/wp\/v2\/pages\/1239\/revisions"}],"predecessor-version":[{"id":1489,"href":"https:\/\/sustainamusic.com\/en\/wp-json\/wp\/v2\/pages\/1239\/revisions\/1489"}],"wp:attachment":[{"href":"https:\/\/sustainamusic.com\/en\/wp-json\/wp\/v2\/media?parent=1239"}],"curies":[{"name":"wp","href":"https:\/\/api.w.org\/{rel}","templated":true}]}}