{"id":1246,"date":"2024-09-17T19:39:43","date_gmt":"2024-09-17T22:39:43","guid":{"rendered":"https:\/\/sustainamusic.com\/?page_id=1246"},"modified":"2024-09-24T14:08:06","modified_gmt":"2024-09-24T17:08:06","slug":"organizacion-empresa","status":"publish","type":"page","link":"https:\/\/sustainamusic.com\/en\/organizacion-empresa\/","title":{"rendered":"Organization \/ Company"},"content":{"rendered":"<div data-elementor-type=\"wp-page\" data-elementor-id=\"1246\" class=\"elementor elementor-1246\" data-elementor-post-type=\"page\">\n\t\t\t\t<div class=\"elementor-element elementor-element-9de67b9 e-con-full e-flex elementor-invisible e-con e-parent\" data-id=\"9de67b9\" data-element_type=\"container\" data-settings=\"{&quot;background_background&quot;:&quot;classic&quot;,&quot;animation&quot;:&quot;slideInLeft&quot;}\">\n\t\t\t\t<div class=\"elementor-element elementor-element-0992a55 elementor-widget elementor-widget-image\" data-id=\"0992a55\" data-element_type=\"widget\" data-widget_type=\"image.default\">\n\t\t\t\t<div class=\"elementor-widget-container\">\n\t\t\t\t\t\t\t\t\t\t\t\t\t\t\t<img decoding=\"async\" src=\"https:\/\/sustainamusic.com\/wp-content\/uploads\/elementor\/thumbs\/9_Jasper-ten-Tusscher_ADE_WOMEN-qu0664a3byi2b53b4g0txos7ntruuiuypdqc4cyts0.jpg\" title=\"9_Jasper-ten-Tusscher_ADE_WOMEN\" alt=\"9_Jasper-ten-Tusscher_ADE_WOMEN\" loading=\"lazy\" \/>\t\t\t\t\t\t\t\t\t\t\t\t\t\t\t<\/div>\n\t\t\t\t<\/div>\n\t\t<div class=\"elementor-element elementor-element-8a1b063 e-con-full e-flex e-con e-child\" data-id=\"8a1b063\" data-element_type=\"container\">\n\t\t\t\t<div class=\"elementor-element elementor-element-68628fd elementor-widget elementor-widget-heading\" data-id=\"68628fd\" data-element_type=\"widget\" data-widget_type=\"heading.default\">\n\t\t\t\t<div class=\"elementor-widget-container\">\n\t\t\t\t\t<h2 class=\"elementor-heading-title elementor-size-default\">Organization \/ Company<\/h2>\t\t\t\t<\/div>\n\t\t\t\t<\/div>\n\t\t\t\t<div class=\"elementor-element elementor-element-0bc265d elementor-widget elementor-widget-text-editor\" data-id=\"0bc265d\" data-element_type=\"widget\" data-widget_type=\"text-editor.default\">\n\t\t\t\t<div class=\"elementor-widget-container\">\n\t\t\t\t\t\t\t\t\t<p class=\"translation-block\">Collaborate with <em>SustainaMusic<\/em> to sponsor sustainable events, supporting environmental and social causes. You will also have the opportunity to offer your sustainable products and services at festivals and concerts.<\/p><p>Benefits: Position your brand as a leader in sustainability in the music industry, gain access to key events, and increase visibility through sponsorships, collaborations, and strategic partnerships. Join the brands that are already making a difference.<\/p>\t\t\t\t\t\t\t\t<\/div>\n\t\t\t\t<\/div>\n\t\t<div class=\"elementor-element elementor-element-30ed12a e-con-full e-flex e-con e-child\" data-id=\"30ed12a\" data-element_type=\"container\">\n\t\t\t\t<div class=\"elementor-element elementor-element-9d3a674 elementor-align-left elementor-widget elementor-widget-button\" data-id=\"9d3a674\" data-element_type=\"widget\" data-widget_type=\"button.default\">\n\t\t\t\t<div class=\"elementor-widget-container\">\n\t\t\t\t\t\t\t\t\t<div class=\"elementor-button-wrapper\">\n\t\t\t\t\t<a class=\"elementor-button elementor-button-link elementor-size-sm elementor-animation-grow\" href=\"https:\/\/sustainamusic.com\/en\/participar\/\">\n\t\t\t\t\t\t<span class=\"elementor-button-content-wrapper\">\n\t\t\t\t\t\t\t\t\t<span class=\"elementor-button-text\">Back<\/span>\n\t\t\t\t\t<\/span>\n\t\t\t\t\t<\/a>\n\t\t\t\t<\/div>\n\t\t\t\t\t\t\t\t<\/div>\n\t\t\t\t<\/div>\n\t\t\t\t<div class=\"elementor-element elementor-element-ee85628 elementor-align-left elementor-widget elementor-widget-button\" data-id=\"ee85628\" data-element_type=\"widget\" data-widget_type=\"button.default\">\n\t\t\t\t<div class=\"elementor-widget-container\">\n\t\t\t\t\t\t\t\t\t<div class=\"elementor-button-wrapper\">\n\t\t\t\t\t<a class=\"elementor-button elementor-button-link elementor-size-sm elementor-animation-grow\" href=\"https:\/\/sustainamusic.com\/en\/contacto\/\">\n\t\t\t\t\t\t<span class=\"elementor-button-content-wrapper\">\n\t\t\t\t\t\t\t\t\t<span class=\"elementor-button-text\">Contact<\/span>\n\t\t\t\t\t<\/span>\n\t\t\t\t\t<\/a>\n\t\t\t\t<\/div>\n\t\t\t\t\t\t\t\t<\/div>\n\t\t\t\t<\/div>\n\t\t\t\t<\/div>\n\t\t\t\t<\/div>\n\t\t\t\t<\/div>\n\t\t\t\t<\/div>","protected":false},"excerpt":{"rendered":"<p>Organizaci\u00f3n \/ Empresa Colabora con SustainaMusic para patrocinar eventos sostenibles, apoyando causas medioambientales y sociales. Tambi\u00e9n podr\u00e1s ofrecer tus productos y servicios sostenibles en festivales y conciertos. Beneficios: Posiciona tu marca como referente de sostenibilidad en la industria musical, accede a eventos clave y gana visibilidad a trav\u00e9s de patrocinios, colaboraciones y alianzas estrat\u00e9gicas. \u00danete [&hellip;]<\/p>","protected":false},"author":1,"featured_media":0,"parent":0,"menu_order":0,"comment_status":"closed","ping_status":"closed","template":"","meta":{"site-sidebar-layout":"no-sidebar","site-content-layout":"","ast-site-content-layout":"full-width-container","site-content-style":"default","site-sidebar-style":"default","ast-global-header-display":"","ast-banner-title-visibility":"","ast-main-header-display":"","ast-hfb-above-header-display":"","ast-hfb-below-header-display":"","ast-hfb-mobile-header-display":"","site-post-title":"disabled","ast-breadcrumbs-content":"","ast-featured-img":"disabled","footer-sml-layout":"","theme-transparent-header-meta":"","adv-header-id-meta":"","stick-header-meta":"","header-above-stick-meta":"","header-main-stick-meta":"","header-below-stick-meta":"","astra-migrate-meta-layouts":"default","ast-page-background-enabled":"default","ast-page-background-meta":{"desktop":{"background-color":"var(--ast-global-color-4)","background-image":"","background-repeat":"repeat","background-position":"center center","background-size":"auto","background-attachment":"scroll","background-type":"","background-media":"","overlay-type":"","overlay-color":"","overlay-opacity":"","overlay-gradient":""},"tablet":{"background-color":"","background-image":"","background-repeat":"repeat","background-position":"center center","background-size":"auto","background-attachment":"scroll","background-type":"","background-media":"","overlay-type":"","overlay-color":"","overlay-opacity":"","overlay-gradient":""},"mobile":{"background-color":"","background-image":"","background-repeat":"repeat","background-position":"center center","background-size":"auto","background-attachment":"scroll","background-type":"","background-media":"","overlay-type":"","overlay-color":"","overlay-opacity":"","overlay-gradient":""}},"ast-content-background-meta":{"desktop":{"background-color":"var(--ast-global-color-5)","background-image":"","background-repeat":"repeat","background-position":"center center","background-size":"auto","background-attachment":"scroll","background-type":"","background-media":"","overlay-type":"","overlay-color":"","overlay-opacity":"","overlay-gradient":""},"tablet":{"background-color":"var(--ast-global-color-5)","background-image":"","background-repeat":"repeat","background-position":"center center","background-size":"auto","background-attachment":"scroll","background-type":"","background-media":"","overlay-type":"","overlay-color":"","overlay-opacity":"","overlay-gradient":""},"mobile":{"background-color":"var(--ast-global-color-5)","background-image":"","background-repeat":"repeat","background-position":"center center","background-size":"auto","background-attachment":"scroll","background-type":"","background-media":"","overlay-type":"","overlay-color":"","overlay-opacity":"","overlay-gradient":""}},"footnotes":""},"class_list":["post-1246","page","type-page","status-publish","hentry"],"yoast_head":"<!-- This site is optimized with the Yoast SEO plugin v26.1.1 - https:\/\/yoast.com\/wordpress\/plugins\/seo\/ -->\n<title>Organizaci\u00f3n \/ Empresa - SustainaMusic<\/title>\n<meta name=\"robots\" content=\"index, follow, max-snippet:-1, max-image-preview:large, max-video-preview:-1\" \/>\n<link rel=\"canonical\" href=\"https:\/\/sustainamusic.com\/en\/organizacion-empresa\/\" \/>\n<meta property=\"og:locale\" content=\"en_GB\" \/>\n<meta property=\"og:type\" content=\"article\" \/>\n<meta property=\"og:title\" content=\"Organizaci\u00f3n \/ Empresa - SustainaMusic\" \/>\n<meta property=\"og:description\" content=\"Organizaci\u00f3n \/ Empresa Colabora con SustainaMusic para patrocinar eventos sostenibles, apoyando causas medioambientales y sociales. Tambi\u00e9n podr\u00e1s ofrecer tus productos y servicios sostenibles en festivales y conciertos. Beneficios: Posiciona tu marca como referente de sostenibilidad en la industria musical, accede a eventos clave y gana visibilidad a trav\u00e9s de patrocinios, colaboraciones y alianzas estrat\u00e9gicas. \u00danete [&hellip;]\" \/>\n<meta property=\"og:url\" content=\"https:\/\/sustainamusic.com\/en\/organizacion-empresa\/\" \/>\n<meta property=\"og:site_name\" content=\"SustainaMusic\" \/>\n<meta property=\"article:modified_time\" content=\"2024-09-24T17:08:06+00:00\" \/>\n<meta property=\"og:image\" content=\"https:\/\/sustainamusic.com\/wp-content\/uploads\/elementor\/thumbs\/9_Jasper-ten-Tusscher_ADE_WOMEN-qu0664a3byi2b53b4g0txos7ntruuiuypdqc4cyts0.jpg\" \/>\n<meta name=\"twitter:card\" content=\"summary_large_image\" \/>\n<meta name=\"twitter:site\" content=\"@SustainaMusic\" \/>\n<script type=\"application\/ld+json\" class=\"yoast-schema-graph\">{\"@context\":\"https:\/\/schema.org\",\"@graph\":[{\"@type\":\"WebPage\",\"@id\":\"https:\/\/sustainamusic.com\/organizacion-empresa\/\",\"url\":\"https:\/\/sustainamusic.com\/organizacion-empresa\/\",\"name\":\"Organizaci\u00f3n \/ Empresa - SustainaMusic\",\"isPartOf\":{\"@id\":\"https:\/\/sustainamusic.com\/#website\"},\"primaryImageOfPage\":{\"@id\":\"https:\/\/sustainamusic.com\/organizacion-empresa\/#primaryimage\"},\"image\":{\"@id\":\"https:\/\/sustainamusic.com\/organizacion-empresa\/#primaryimage\"},\"thumbnailUrl\":\"https:\/\/sustainamusic.com\/wp-content\/uploads\/elementor\/thumbs\/9_Jasper-ten-Tusscher_ADE_WOMEN-qu0664a3byi2b53b4g0txos7ntruuiuypdqc4cyts0.jpg\",\"datePublished\":\"2024-09-17T22:39:43+00:00\",\"dateModified\":\"2024-09-24T17:08:06+00:00\",\"breadcrumb\":{\"@id\":\"https:\/\/sustainamusic.com\/organizacion-empresa\/#breadcrumb\"},\"inLanguage\":\"en-GB\",\"potentialAction\":[{\"@type\":\"ReadAction\",\"target\":[\"https:\/\/sustainamusic.com\/organizacion-empresa\/\"]}]},{\"@type\":\"ImageObject\",\"inLanguage\":\"en-GB\",\"@id\":\"https:\/\/sustainamusic.com\/organizacion-empresa\/#primaryimage\",\"url\":\"https:\/\/sustainamusic.com\/wp-content\/uploads\/elementor\/thumbs\/9_Jasper-ten-Tusscher_ADE_WOMEN-qu0664a3byi2b53b4g0txos7ntruuiuypdqc4cyts0.jpg\",\"contentUrl\":\"https:\/\/sustainamusic.com\/wp-content\/uploads\/elementor\/thumbs\/9_Jasper-ten-Tusscher_ADE_WOMEN-qu0664a3byi2b53b4g0txos7ntruuiuypdqc4cyts0.jpg\"},{\"@type\":\"BreadcrumbList\",\"@id\":\"https:\/\/sustainamusic.com\/organizacion-empresa\/#breadcrumb\",\"itemListElement\":[{\"@type\":\"ListItem\",\"position\":1,\"name\":\"Portada\",\"item\":\"https:\/\/sustainamusic.com\/\"},{\"@type\":\"ListItem\",\"position\":2,\"name\":\"Organizaci\u00f3n \/ Empresa\"}]},{\"@type\":\"WebSite\",\"@id\":\"https:\/\/sustainamusic.com\/#website\",\"url\":\"https:\/\/sustainamusic.com\/\",\"name\":\"SustainaMusic\",\"description\":\"Sostenibilidad en Eventos Musicales\",\"publisher\":{\"@id\":\"https:\/\/sustainamusic.com\/#organization\"},\"potentialAction\":[{\"@type\":\"SearchAction\",\"target\":{\"@type\":\"EntryPoint\",\"urlTemplate\":\"https:\/\/sustainamusic.com\/?s={search_term_string}\"},\"query-input\":{\"@type\":\"PropertyValueSpecification\",\"valueRequired\":true,\"valueName\":\"search_term_string\"}}],\"inLanguage\":\"en-GB\"},{\"@type\":\"Organization\",\"@id\":\"https:\/\/sustainamusic.com\/#organization\",\"name\":\"SustainaMusic\",\"url\":\"https:\/\/sustainamusic.com\/\",\"logo\":{\"@type\":\"ImageObject\",\"inLanguage\":\"en-GB\",\"@id\":\"https:\/\/sustainamusic.com\/#\/schema\/logo\/image\/\",\"url\":\"https:\/\/sustainamusic.com\/wp-content\/uploads\/2024\/11\/Logo-Nuevo-Sustaina-Music.png\",\"contentUrl\":\"https:\/\/sustainamusic.com\/wp-content\/uploads\/2024\/11\/Logo-Nuevo-Sustaina-Music.png\",\"width\":717,\"height\":160,\"caption\":\"SustainaMusic\"},\"image\":{\"@id\":\"https:\/\/sustainamusic.com\/#\/schema\/logo\/image\/\"},\"sameAs\":[\"https:\/\/x.com\/SustainaMusic\",\"https:\/\/www.instagram.com\/sustaina.music\",\"https:\/\/www.linkedin.com\/company\/sustainamusic\/\"]}]}<\/script>\n<!-- \/ Yoast SEO plugin. -->","yoast_head_json":{"title":"Organizaci\u00f3n \/ Empresa - SustainaMusic","robots":{"index":"index","follow":"follow","max-snippet":"max-snippet:-1","max-image-preview":"max-image-preview:large","max-video-preview":"max-video-preview:-1"},"canonical":"https:\/\/sustainamusic.com\/en\/organizacion-empresa\/","og_locale":"en_GB","og_type":"article","og_title":"Organizaci\u00f3n \/ Empresa - SustainaMusic","og_description":"Organizaci\u00f3n \/ Empresa Colabora con SustainaMusic para patrocinar eventos sostenibles, apoyando causas medioambientales y sociales. Tambi\u00e9n podr\u00e1s ofrecer tus productos y servicios sostenibles en festivales y conciertos. Beneficios: Posiciona tu marca como referente de sostenibilidad en la industria musical, accede a eventos clave y gana visibilidad a trav\u00e9s de patrocinios, colaboraciones y alianzas estrat\u00e9gicas. \u00danete [&hellip;]","og_url":"https:\/\/sustainamusic.com\/en\/organizacion-empresa\/","og_site_name":"SustainaMusic","article_modified_time":"2024-09-24T17:08:06+00:00","og_image":[{"url":"https:\/\/sustainamusic.com\/wp-content\/uploads\/elementor\/thumbs\/9_Jasper-ten-Tusscher_ADE_WOMEN-qu0664a3byi2b53b4g0txos7ntruuiuypdqc4cyts0.jpg","type":"","width":"","height":""}],"twitter_card":"summary_large_image","twitter_site":"@SustainaMusic","schema":{"@context":"https:\/\/schema.org","@graph":[{"@type":"WebPage","@id":"https:\/\/sustainamusic.com\/organizacion-empresa\/","url":"https:\/\/sustainamusic.com\/organizacion-empresa\/","name":"Organizaci\u00f3n \/ Empresa - SustainaMusic","isPartOf":{"@id":"https:\/\/sustainamusic.com\/#website"},"primaryImageOfPage":{"@id":"https:\/\/sustainamusic.com\/organizacion-empresa\/#primaryimage"},"image":{"@id":"https:\/\/sustainamusic.com\/organizacion-empresa\/#primaryimage"},"thumbnailUrl":"https:\/\/sustainamusic.com\/wp-content\/uploads\/elementor\/thumbs\/9_Jasper-ten-Tusscher_ADE_WOMEN-qu0664a3byi2b53b4g0txos7ntruuiuypdqc4cyts0.jpg","datePublished":"2024-09-17T22:39:43+00:00","dateModified":"2024-09-24T17:08:06+00:00","breadcrumb":{"@id":"https:\/\/sustainamusic.com\/organizacion-empresa\/#breadcrumb"},"inLanguage":"en-GB","potentialAction":[{"@type":"ReadAction","target":["https:\/\/sustainamusic.com\/organizacion-empresa\/"]}]},{"@type":"ImageObject","inLanguage":"en-GB","@id":"https:\/\/sustainamusic.com\/organizacion-empresa\/#primaryimage","url":"https:\/\/sustainamusic.com\/wp-content\/uploads\/elementor\/thumbs\/9_Jasper-ten-Tusscher_ADE_WOMEN-qu0664a3byi2b53b4g0txos7ntruuiuypdqc4cyts0.jpg","contentUrl":"https:\/\/sustainamusic.com\/wp-content\/uploads\/elementor\/thumbs\/9_Jasper-ten-Tusscher_ADE_WOMEN-qu0664a3byi2b53b4g0txos7ntruuiuypdqc4cyts0.jpg"},{"@type":"BreadcrumbList","@id":"https:\/\/sustainamusic.com\/organizacion-empresa\/#breadcrumb","itemListElement":[{"@type":"ListItem","position":1,"name":"Portada","item":"https:\/\/sustainamusic.com\/"},{"@type":"ListItem","position":2,"name":"Organizaci\u00f3n \/ Empresa"}]},{"@type":"WebSite","@id":"https:\/\/sustainamusic.com\/#website","url":"https:\/\/sustainamusic.com\/","name":"SustainaMusic","description":"Sostenibilidad en Eventos Musicales","publisher":{"@id":"https:\/\/sustainamusic.com\/#organization"},"potentialAction":[{"@type":"SearchAction","target":{"@type":"EntryPoint","urlTemplate":"https:\/\/sustainamusic.com\/?s={search_term_string}"},"query-input":{"@type":"PropertyValueSpecification","valueRequired":true,"valueName":"search_term_string"}}],"inLanguage":"en-GB"},{"@type":"Organization","@id":"https:\/\/sustainamusic.com\/#organization","name":"SustainaMusic","url":"https:\/\/sustainamusic.com\/","logo":{"@type":"ImageObject","inLanguage":"en-GB","@id":"https:\/\/sustainamusic.com\/#\/schema\/logo\/image\/","url":"https:\/\/sustainamusic.com\/wp-content\/uploads\/2024\/11\/Logo-Nuevo-Sustaina-Music.png","contentUrl":"https:\/\/sustainamusic.com\/wp-content\/uploads\/2024\/11\/Logo-Nuevo-Sustaina-Music.png","width":717,"height":160,"caption":"SustainaMusic"},"image":{"@id":"https:\/\/sustainamusic.com\/#\/schema\/logo\/image\/"},"sameAs":["https:\/\/x.com\/SustainaMusic","https:\/\/www.instagram.com\/sustaina.music","https:\/\/www.linkedin.com\/company\/sustainamusic\/"]}]}},"_links":{"self":[{"href":"https:\/\/sustainamusic.com\/en\/wp-json\/wp\/v2\/pages\/1246","targetHints":{"allow":["GET"]}}],"collection":[{"href":"https:\/\/sustainamusic.com\/en\/wp-json\/wp\/v2\/pages"}],"about":[{"href":"https:\/\/sustainamusic.com\/en\/wp-json\/wp\/v2\/types\/page"}],"author":[{"embeddable":true,"href":"https:\/\/sustainamusic.com\/en\/wp-json\/wp\/v2\/users\/1"}],"replies":[{"embeddable":true,"href":"https:\/\/sustainamusic.com\/en\/wp-json\/wp\/v2\/comments?post=1246"}],"version-history":[{"count":22,"href":"https:\/\/sustainamusic.com\/en\/wp-json\/wp\/v2\/pages\/1246\/revisions"}],"predecessor-version":[{"id":1495,"href":"https:\/\/sustainamusic.com\/en\/wp-json\/wp\/v2\/pages\/1246\/revisions\/1495"}],"wp:attachment":[{"href":"https:\/\/sustainamusic.com\/en\/wp-json\/wp\/v2\/media?parent=1246"}],"curies":[{"name":"wp","href":"https:\/\/api.w.org\/{rel}","templated":true}]}}