{"id":1290,"date":"2024-09-18T02:20:32","date_gmt":"2024-09-18T05:20:32","guid":{"rendered":"https:\/\/sustainamusic.com\/?page_id=1290"},"modified":"2024-09-24T14:07:08","modified_gmt":"2024-09-24T17:07:08","slug":"organizador-de-eventos","status":"publish","type":"page","link":"https:\/\/sustainamusic.com\/en\/organizador-de-eventos\/","title":{"rendered":"Event Organizer"},"content":{"rendered":"<div data-elementor-type=\"wp-page\" data-elementor-id=\"1290\" class=\"elementor elementor-1290\" data-elementor-post-type=\"page\">\n\t\t\t\t<div class=\"elementor-element elementor-element-8f64017 e-con-full e-flex elementor-invisible e-con e-parent\" data-id=\"8f64017\" data-element_type=\"container\" data-settings=\"{&quot;background_background&quot;:&quot;classic&quot;,&quot;animation&quot;:&quot;slideInLeft&quot;}\">\n\t\t\t\t<div class=\"elementor-element elementor-element-172c015 elementor-widget elementor-widget-image\" data-id=\"172c015\" data-element_type=\"widget\" data-widget_type=\"image.default\">\n\t\t\t\t<div class=\"elementor-widget-container\">\n\t\t\t\t\t\t\t\t\t\t\t\t\t\t\t<img decoding=\"async\" src=\"https:\/\/sustainamusic.com\/wp-content\/uploads\/elementor\/thumbs\/Green-Man-Festival-2-qu9e21mp0sb8pw28mi2le65e65yr66ase4jwq3nolc.jpg\" title=\"Green Man Festival 2\" alt=\"Green Man Festival 2\" loading=\"lazy\" \/>\t\t\t\t\t\t\t\t\t\t\t\t\t\t\t<\/div>\n\t\t\t\t<\/div>\n\t\t<div class=\"elementor-element elementor-element-a1975e7 e-con-full e-flex e-con e-child\" data-id=\"a1975e7\" data-element_type=\"container\">\n\t\t\t\t<div class=\"elementor-element elementor-element-e2c24aa elementor-widget elementor-widget-heading\" data-id=\"e2c24aa\" data-element_type=\"widget\" data-widget_type=\"heading.default\">\n\t\t\t\t<div class=\"elementor-widget-container\">\n\t\t\t\t\t<h2 class=\"elementor-heading-title elementor-size-default\">Event Organizer<\/h2>\t\t\t\t<\/div>\n\t\t\t\t<\/div>\n\t\t\t\t<div class=\"elementor-element elementor-element-2221b2c elementor-widget elementor-widget-text-editor\" data-id=\"2221b2c\" data-element_type=\"widget\" data-widget_type=\"text-editor.default\">\n\t\t\t\t<div class=\"elementor-widget-container\">\n\t\t\t\t\t\t\t\t\t<p>Collaborate with us to implement sustainable practices in your events. We offer affordable and mutually beneficial consulting, tailored to your needs and goals, helping you reduce the environmental impact of your concerts or festivals. You will also have access to innovative solutions for waste management, energy, and logistics.<\/p><p class=\"translation-block\">Benefits: Use of the <em>SustainaMusic<\/em> seal as a guarantee of environmental responsibility, increased prestige, networking opportunities with artists and brands aligned with sustainability, and an enhancement of your events' reputation.<\/p>\t\t\t\t\t\t\t\t<\/div>\n\t\t\t\t<\/div>\n\t\t<div class=\"elementor-element elementor-element-348da3e e-con-full e-flex e-con e-child\" data-id=\"348da3e\" data-element_type=\"container\">\n\t\t\t\t<div class=\"elementor-element elementor-element-0bcf4e3 elementor-align-left elementor-widget elementor-widget-button\" data-id=\"0bcf4e3\" data-element_type=\"widget\" data-widget_type=\"button.default\">\n\t\t\t\t<div class=\"elementor-widget-container\">\n\t\t\t\t\t\t\t\t\t<div class=\"elementor-button-wrapper\">\n\t\t\t\t\t<a class=\"elementor-button elementor-button-link elementor-size-sm elementor-animation-grow\" href=\"https:\/\/sustainamusic.com\/en\/participar\/\">\n\t\t\t\t\t\t<span class=\"elementor-button-content-wrapper\">\n\t\t\t\t\t\t\t\t\t<span class=\"elementor-button-text\">Back<\/span>\n\t\t\t\t\t<\/span>\n\t\t\t\t\t<\/a>\n\t\t\t\t<\/div>\n\t\t\t\t\t\t\t\t<\/div>\n\t\t\t\t<\/div>\n\t\t\t\t<div class=\"elementor-element elementor-element-0e0f286 elementor-align-left elementor-widget elementor-widget-button\" data-id=\"0e0f286\" data-element_type=\"widget\" data-widget_type=\"button.default\">\n\t\t\t\t<div class=\"elementor-widget-container\">\n\t\t\t\t\t\t\t\t\t<div class=\"elementor-button-wrapper\">\n\t\t\t\t\t<a class=\"elementor-button elementor-button-link elementor-size-sm elementor-animation-grow\" href=\"https:\/\/sustainamusic.com\/en\/contacto\/\">\n\t\t\t\t\t\t<span class=\"elementor-button-content-wrapper\">\n\t\t\t\t\t\t\t\t\t<span class=\"elementor-button-text\">Contact<\/span>\n\t\t\t\t\t<\/span>\n\t\t\t\t\t<\/a>\n\t\t\t\t<\/div>\n\t\t\t\t\t\t\t\t<\/div>\n\t\t\t\t<\/div>\n\t\t\t\t<\/div>\n\t\t\t\t<\/div>\n\t\t\t\t<\/div>\n\t\t\t\t<\/div>","protected":false},"excerpt":{"rendered":"<p>Organizador de Eventos Colabora con nosotros para implementar pr\u00e1cticas sostenibles en tus eventos. Ofrecemos asesor\u00eda asequible y de beneficio mutuo, adaptada a tus necesidades y objetivos, ayud\u00e1ndote a reducir el impacto ambiental de tus conciertos o festivales. Tambi\u00e9n tendr\u00e1s acceso a soluciones innovadoras para la gesti\u00f3n de residuos, energ\u00eda y log\u00edstica. Beneficios: Uso del sello [&hellip;]<\/p>","protected":false},"author":1,"featured_media":0,"parent":0,"menu_order":0,"comment_status":"closed","ping_status":"closed","template":"","meta":{"site-sidebar-layout":"no-sidebar","site-content-layout":"","ast-site-content-layout":"full-width-container","site-content-style":"default","site-sidebar-style":"default","ast-global-header-display":"","ast-banner-title-visibility":"","ast-main-header-display":"","ast-hfb-above-header-display":"","ast-hfb-below-header-display":"","ast-hfb-mobile-header-display":"","site-post-title":"disabled","ast-breadcrumbs-content":"","ast-featured-img":"disabled","footer-sml-layout":"","theme-transparent-header-meta":"","adv-header-id-meta":"","stick-header-meta":"","header-above-stick-meta":"","header-main-stick-meta":"","header-below-stick-meta":"","astra-migrate-meta-layouts":"default","ast-page-background-enabled":"default","ast-page-background-meta":{"desktop":{"background-color":"var(--ast-global-color-4)","background-image":"","background-repeat":"repeat","background-position":"center center","background-size":"auto","background-attachment":"scroll","background-type":"","background-media":"","overlay-type":"","overlay-color":"","overlay-opacity":"","overlay-gradient":""},"tablet":{"background-color":"","background-image":"","background-repeat":"repeat","background-position":"center center","background-size":"auto","background-attachment":"scroll","background-type":"","background-media":"","overlay-type":"","overlay-color":"","overlay-opacity":"","overlay-gradient":""},"mobile":{"background-color":"","background-image":"","background-repeat":"repeat","background-position":"center center","background-size":"auto","background-attachment":"scroll","background-type":"","background-media":"","overlay-type":"","overlay-color":"","overlay-opacity":"","overlay-gradient":""}},"ast-content-background-meta":{"desktop":{"background-color":"var(--ast-global-color-5)","background-image":"","background-repeat":"repeat","background-position":"center center","background-size":"auto","background-attachment":"scroll","background-type":"","background-media":"","overlay-type":"","overlay-color":"","overlay-opacity":"","overlay-gradient":""},"tablet":{"background-color":"var(--ast-global-color-5)","background-image":"","background-repeat":"repeat","background-position":"center center","background-size":"auto","background-attachment":"scroll","background-type":"","background-media":"","overlay-type":"","overlay-color":"","overlay-opacity":"","overlay-gradient":""},"mobile":{"background-color":"var(--ast-global-color-5)","background-image":"","background-repeat":"repeat","background-position":"center center","background-size":"auto","background-attachment":"scroll","background-type":"","background-media":"","overlay-type":"","overlay-color":"","overlay-opacity":"","overlay-gradient":""}},"footnotes":""},"class_list":["post-1290","page","type-page","status-publish","hentry"],"yoast_head":"<!-- This site is optimized with the Yoast SEO plugin v26.1.1 - https:\/\/yoast.com\/wordpress\/plugins\/seo\/ -->\n<title>Organizador de Eventos - SustainaMusic<\/title>\n<meta name=\"robots\" content=\"index, follow, max-snippet:-1, max-image-preview:large, max-video-preview:-1\" \/>\n<link rel=\"canonical\" href=\"https:\/\/sustainamusic.com\/en\/organizador-de-eventos\/\" \/>\n<meta property=\"og:locale\" content=\"en_GB\" \/>\n<meta property=\"og:type\" content=\"article\" \/>\n<meta property=\"og:title\" content=\"Organizador de Eventos - SustainaMusic\" \/>\n<meta property=\"og:description\" content=\"Organizador de Eventos Colabora con nosotros para implementar pr\u00e1cticas sostenibles en tus eventos. Ofrecemos asesor\u00eda asequible y de beneficio mutuo, adaptada a tus necesidades y objetivos, ayud\u00e1ndote a reducir el impacto ambiental de tus conciertos o festivales. Tambi\u00e9n tendr\u00e1s acceso a soluciones innovadoras para la gesti\u00f3n de residuos, energ\u00eda y log\u00edstica. Beneficios: Uso del sello [&hellip;]\" \/>\n<meta property=\"og:url\" content=\"https:\/\/sustainamusic.com\/en\/organizador-de-eventos\/\" \/>\n<meta property=\"og:site_name\" content=\"SustainaMusic\" \/>\n<meta property=\"article:modified_time\" content=\"2024-09-24T17:07:08+00:00\" \/>\n<meta property=\"og:image\" content=\"https:\/\/sustainamusic.com\/wp-content\/uploads\/elementor\/thumbs\/Green-Man-Festival-2-qu9e21mp0sb8pw28mi2le65e65yr66ase4jwq3nolc.jpg\" \/>\n<meta name=\"twitter:card\" content=\"summary_large_image\" \/>\n<meta name=\"twitter:site\" content=\"@SustainaMusic\" \/>\n<script type=\"application\/ld+json\" class=\"yoast-schema-graph\">{\"@context\":\"https:\/\/schema.org\",\"@graph\":[{\"@type\":\"WebPage\",\"@id\":\"https:\/\/sustainamusic.com\/organizador-de-eventos\/\",\"url\":\"https:\/\/sustainamusic.com\/organizador-de-eventos\/\",\"name\":\"Organizador de Eventos - SustainaMusic\",\"isPartOf\":{\"@id\":\"https:\/\/sustainamusic.com\/#website\"},\"primaryImageOfPage\":{\"@id\":\"https:\/\/sustainamusic.com\/organizador-de-eventos\/#primaryimage\"},\"image\":{\"@id\":\"https:\/\/sustainamusic.com\/organizador-de-eventos\/#primaryimage\"},\"thumbnailUrl\":\"https:\/\/sustainamusic.com\/wp-content\/uploads\/elementor\/thumbs\/Green-Man-Festival-2-qu9e21mp0sb8pw28mi2le65e65yr66ase4jwq3nolc.jpg\",\"datePublished\":\"2024-09-18T05:20:32+00:00\",\"dateModified\":\"2024-09-24T17:07:08+00:00\",\"breadcrumb\":{\"@id\":\"https:\/\/sustainamusic.com\/organizador-de-eventos\/#breadcrumb\"},\"inLanguage\":\"en-GB\",\"potentialAction\":[{\"@type\":\"ReadAction\",\"target\":[\"https:\/\/sustainamusic.com\/organizador-de-eventos\/\"]}]},{\"@type\":\"ImageObject\",\"inLanguage\":\"en-GB\",\"@id\":\"https:\/\/sustainamusic.com\/organizador-de-eventos\/#primaryimage\",\"url\":\"https:\/\/sustainamusic.com\/wp-content\/uploads\/elementor\/thumbs\/Green-Man-Festival-2-qu9e21mp0sb8pw28mi2le65e65yr66ase4jwq3nolc.jpg\",\"contentUrl\":\"https:\/\/sustainamusic.com\/wp-content\/uploads\/elementor\/thumbs\/Green-Man-Festival-2-qu9e21mp0sb8pw28mi2le65e65yr66ase4jwq3nolc.jpg\"},{\"@type\":\"BreadcrumbList\",\"@id\":\"https:\/\/sustainamusic.com\/organizador-de-eventos\/#breadcrumb\",\"itemListElement\":[{\"@type\":\"ListItem\",\"position\":1,\"name\":\"Portada\",\"item\":\"https:\/\/sustainamusic.com\/\"},{\"@type\":\"ListItem\",\"position\":2,\"name\":\"Organizador de Eventos\"}]},{\"@type\":\"WebSite\",\"@id\":\"https:\/\/sustainamusic.com\/#website\",\"url\":\"https:\/\/sustainamusic.com\/\",\"name\":\"SustainaMusic\",\"description\":\"Sostenibilidad en Eventos Musicales\",\"publisher\":{\"@id\":\"https:\/\/sustainamusic.com\/#organization\"},\"potentialAction\":[{\"@type\":\"SearchAction\",\"target\":{\"@type\":\"EntryPoint\",\"urlTemplate\":\"https:\/\/sustainamusic.com\/?s={search_term_string}\"},\"query-input\":{\"@type\":\"PropertyValueSpecification\",\"valueRequired\":true,\"valueName\":\"search_term_string\"}}],\"inLanguage\":\"en-GB\"},{\"@type\":\"Organization\",\"@id\":\"https:\/\/sustainamusic.com\/#organization\",\"name\":\"SustainaMusic\",\"url\":\"https:\/\/sustainamusic.com\/\",\"logo\":{\"@type\":\"ImageObject\",\"inLanguage\":\"en-GB\",\"@id\":\"https:\/\/sustainamusic.com\/#\/schema\/logo\/image\/\",\"url\":\"https:\/\/sustainamusic.com\/wp-content\/uploads\/2024\/11\/Logo-Nuevo-Sustaina-Music.png\",\"contentUrl\":\"https:\/\/sustainamusic.com\/wp-content\/uploads\/2024\/11\/Logo-Nuevo-Sustaina-Music.png\",\"width\":717,\"height\":160,\"caption\":\"SustainaMusic\"},\"image\":{\"@id\":\"https:\/\/sustainamusic.com\/#\/schema\/logo\/image\/\"},\"sameAs\":[\"https:\/\/x.com\/SustainaMusic\",\"https:\/\/www.instagram.com\/sustaina.music\",\"https:\/\/www.linkedin.com\/company\/sustainamusic\/\"]}]}<\/script>\n<!-- \/ Yoast SEO plugin. -->","yoast_head_json":{"title":"Organizador de Eventos - SustainaMusic","robots":{"index":"index","follow":"follow","max-snippet":"max-snippet:-1","max-image-preview":"max-image-preview:large","max-video-preview":"max-video-preview:-1"},"canonical":"https:\/\/sustainamusic.com\/en\/organizador-de-eventos\/","og_locale":"en_GB","og_type":"article","og_title":"Organizador de Eventos - SustainaMusic","og_description":"Organizador de Eventos Colabora con nosotros para implementar pr\u00e1cticas sostenibles en tus eventos. Ofrecemos asesor\u00eda asequible y de beneficio mutuo, adaptada a tus necesidades y objetivos, ayud\u00e1ndote a reducir el impacto ambiental de tus conciertos o festivales. Tambi\u00e9n tendr\u00e1s acceso a soluciones innovadoras para la gesti\u00f3n de residuos, energ\u00eda y log\u00edstica. Beneficios: Uso del sello [&hellip;]","og_url":"https:\/\/sustainamusic.com\/en\/organizador-de-eventos\/","og_site_name":"SustainaMusic","article_modified_time":"2024-09-24T17:07:08+00:00","og_image":[{"url":"https:\/\/sustainamusic.com\/wp-content\/uploads\/elementor\/thumbs\/Green-Man-Festival-2-qu9e21mp0sb8pw28mi2le65e65yr66ase4jwq3nolc.jpg","type":"","width":"","height":""}],"twitter_card":"summary_large_image","twitter_site":"@SustainaMusic","schema":{"@context":"https:\/\/schema.org","@graph":[{"@type":"WebPage","@id":"https:\/\/sustainamusic.com\/organizador-de-eventos\/","url":"https:\/\/sustainamusic.com\/organizador-de-eventos\/","name":"Organizador de Eventos - SustainaMusic","isPartOf":{"@id":"https:\/\/sustainamusic.com\/#website"},"primaryImageOfPage":{"@id":"https:\/\/sustainamusic.com\/organizador-de-eventos\/#primaryimage"},"image":{"@id":"https:\/\/sustainamusic.com\/organizador-de-eventos\/#primaryimage"},"thumbnailUrl":"https:\/\/sustainamusic.com\/wp-content\/uploads\/elementor\/thumbs\/Green-Man-Festival-2-qu9e21mp0sb8pw28mi2le65e65yr66ase4jwq3nolc.jpg","datePublished":"2024-09-18T05:20:32+00:00","dateModified":"2024-09-24T17:07:08+00:00","breadcrumb":{"@id":"https:\/\/sustainamusic.com\/organizador-de-eventos\/#breadcrumb"},"inLanguage":"en-GB","potentialAction":[{"@type":"ReadAction","target":["https:\/\/sustainamusic.com\/organizador-de-eventos\/"]}]},{"@type":"ImageObject","inLanguage":"en-GB","@id":"https:\/\/sustainamusic.com\/organizador-de-eventos\/#primaryimage","url":"https:\/\/sustainamusic.com\/wp-content\/uploads\/elementor\/thumbs\/Green-Man-Festival-2-qu9e21mp0sb8pw28mi2le65e65yr66ase4jwq3nolc.jpg","contentUrl":"https:\/\/sustainamusic.com\/wp-content\/uploads\/elementor\/thumbs\/Green-Man-Festival-2-qu9e21mp0sb8pw28mi2le65e65yr66ase4jwq3nolc.jpg"},{"@type":"BreadcrumbList","@id":"https:\/\/sustainamusic.com\/organizador-de-eventos\/#breadcrumb","itemListElement":[{"@type":"ListItem","position":1,"name":"Portada","item":"https:\/\/sustainamusic.com\/"},{"@type":"ListItem","position":2,"name":"Organizador de Eventos"}]},{"@type":"WebSite","@id":"https:\/\/sustainamusic.com\/#website","url":"https:\/\/sustainamusic.com\/","name":"SustainaMusic","description":"Sostenibilidad en Eventos Musicales","publisher":{"@id":"https:\/\/sustainamusic.com\/#organization"},"potentialAction":[{"@type":"SearchAction","target":{"@type":"EntryPoint","urlTemplate":"https:\/\/sustainamusic.com\/?s={search_term_string}"},"query-input":{"@type":"PropertyValueSpecification","valueRequired":true,"valueName":"search_term_string"}}],"inLanguage":"en-GB"},{"@type":"Organization","@id":"https:\/\/sustainamusic.com\/#organization","name":"SustainaMusic","url":"https:\/\/sustainamusic.com\/","logo":{"@type":"ImageObject","inLanguage":"en-GB","@id":"https:\/\/sustainamusic.com\/#\/schema\/logo\/image\/","url":"https:\/\/sustainamusic.com\/wp-content\/uploads\/2024\/11\/Logo-Nuevo-Sustaina-Music.png","contentUrl":"https:\/\/sustainamusic.com\/wp-content\/uploads\/2024\/11\/Logo-Nuevo-Sustaina-Music.png","width":717,"height":160,"caption":"SustainaMusic"},"image":{"@id":"https:\/\/sustainamusic.com\/#\/schema\/logo\/image\/"},"sameAs":["https:\/\/x.com\/SustainaMusic","https:\/\/www.instagram.com\/sustaina.music","https:\/\/www.linkedin.com\/company\/sustainamusic\/"]}]}},"_links":{"self":[{"href":"https:\/\/sustainamusic.com\/en\/wp-json\/wp\/v2\/pages\/1290","targetHints":{"allow":["GET"]}}],"collection":[{"href":"https:\/\/sustainamusic.com\/en\/wp-json\/wp\/v2\/pages"}],"about":[{"href":"https:\/\/sustainamusic.com\/en\/wp-json\/wp\/v2\/types\/page"}],"author":[{"embeddable":true,"href":"https:\/\/sustainamusic.com\/en\/wp-json\/wp\/v2\/users\/1"}],"replies":[{"embeddable":true,"href":"https:\/\/sustainamusic.com\/en\/wp-json\/wp\/v2\/comments?post=1290"}],"version-history":[{"count":19,"href":"https:\/\/sustainamusic.com\/en\/wp-json\/wp\/v2\/pages\/1290\/revisions"}],"predecessor-version":[{"id":1486,"href":"https:\/\/sustainamusic.com\/en\/wp-json\/wp\/v2\/pages\/1290\/revisions\/1486"}],"wp:attachment":[{"href":"https:\/\/sustainamusic.com\/en\/wp-json\/wp\/v2\/media?parent=1290"}],"curies":[{"name":"wp","href":"https:\/\/api.w.org\/{rel}","templated":true}]}}