{"id":69,"date":"2024-09-05T01:58:44","date_gmt":"2024-09-05T04:58:44","guid":{"rendered":"https:\/\/sustainamusic.com\/?page_id=69"},"modified":"2024-09-27T13:01:52","modified_gmt":"2024-09-27T16:01:52","slug":"contacto","status":"publish","type":"page","link":"https:\/\/sustainamusic.com\/en\/contacto\/","title":{"rendered":"Contact"},"content":{"rendered":"<div data-elementor-type=\"wp-page\" data-elementor-id=\"69\" class=\"elementor elementor-69\" data-elementor-post-type=\"page\">\n\t\t\t\t<div class=\"elementor-element elementor-element-63bc238 e-con-full e-flex e-con e-parent\" data-id=\"63bc238\" data-element_type=\"container\">\n\t\t<div class=\"elementor-element elementor-element-e764856 e-con-full e-flex elementor-invisible e-con e-child\" data-id=\"e764856\" data-element_type=\"container\" data-settings=\"{&quot;background_background&quot;:&quot;classic&quot;,&quot;animation&quot;:&quot;slideInLeft&quot;,&quot;animation_delay&quot;:100}\">\n\t\t<div class=\"elementor-element elementor-element-3adb606 e-flex e-con-boxed e-con e-child\" data-id=\"3adb606\" data-element_type=\"container\" data-settings=\"{&quot;background_background&quot;:&quot;classic&quot;}\">\n\t\t\t\t\t<div class=\"e-con-inner\">\n\t\t\t\t<div class=\"elementor-element elementor-element-1dd962a elementor-widget__width-inherit elementor-widget elementor-widget-heading\" data-id=\"1dd962a\" data-element_type=\"widget\" data-settings=\"{&quot;motion_fx_motion_fx_mouse&quot;:&quot;yes&quot;,&quot;motion_fx_tilt_effect&quot;:&quot;yes&quot;,&quot;motion_fx_tilt_speed&quot;:{&quot;unit&quot;:&quot;px&quot;,&quot;size&quot;:0.5,&quot;sizes&quot;:[]}}\" data-widget_type=\"heading.default\">\n\t\t\t\t<div class=\"elementor-widget-container\">\n\t\t\t\t\t<h2 class=\"elementor-heading-title elementor-size-default\">Contact<\/h2>\t\t\t\t<\/div>\n\t\t\t\t<\/div>\n\t\t\t\t<div class=\"elementor-element elementor-element-2775353 elementor-widget__width-initial elementor-widget elementor-widget-elementskit-contact-form7\" data-id=\"2775353\" data-element_type=\"widget\" data-widget_type=\"elementskit-contact-form7.default\">\n\t\t\t\t<div class=\"elementor-widget-container\">\n\t\t\t\t\t<div class=\"ekit-wid-con\" ><div class=\"ekit-form\">\n<div class=\"wpcf7 no-js\" id=\"wpcf7-f11-p69-o1\" lang=\"es-ES\" dir=\"ltr\" data-wpcf7-id=\"11\">\n<div class=\"screen-reader-response\"><p role=\"status\" aria-live=\"polite\" aria-atomic=\"true\"><\/p> <ul><\/ul><\/div>\n<form action=\"\/en\/contacto\/#wpcf7-f11-p69-o1\" method=\"post\" class=\"wpcf7-form init\" aria-label=\"Formulario de contacto\" novalidate=\"novalidate\" data-status=\"init\" data-trp-original-action=\"\/contacto\/#wpcf7-f11-p69-o1\">\n<fieldset class=\"hidden-fields-container\"><input type=\"hidden\" name=\"_wpcf7\" value=\"11\" \/><input type=\"hidden\" name=\"_wpcf7_version\" value=\"6.1.2\" \/><input type=\"hidden\" name=\"_wpcf7_locale\" value=\"es_ES\" \/><input type=\"hidden\" name=\"_wpcf7_unit_tag\" value=\"wpcf7-f11-p69-o1\" \/><input type=\"hidden\" name=\"_wpcf7_container_post\" value=\"69\" \/><input type=\"hidden\" name=\"_wpcf7_posted_data_hash\" value=\"\" \/><input type=\"hidden\" name=\"_wpcf7_recaptcha_response\" value=\"\" \/>\n<\/fieldset>\n<p><label> First and Last Name<br \/>\n<span class=\"wpcf7-form-control-wrap\" data-name=\"your-name\"><input size=\"40\" maxlength=\"400\" class=\"wpcf7-form-control wpcf7-text wpcf7-validates-as-required\" autocomplete=\"name\" aria-required=\"true\" aria-invalid=\"false\" value=\"\" type=\"text\" name=\"your-name\" \/><\/span> <\/label>\n<\/p>\n<p><label> Phone Number<br \/>\n<span class=\"wpcf7-form-control-wrap\" data-name=\"tel-249\"><input size=\"40\" maxlength=\"400\" class=\"wpcf7-form-control wpcf7-tel wpcf7-validates-as-required wpcf7-text wpcf7-validates-as-tel\" aria-required=\"true\" aria-invalid=\"false\" value=\"\" type=\"tel\" name=\"tel-249\" \/><\/span> <\/label>\n<\/p>\n<p><label> Email Address<br \/>\n<span class=\"wpcf7-form-control-wrap\" data-name=\"your-email\"><input size=\"40\" maxlength=\"400\" class=\"wpcf7-form-control wpcf7-email wpcf7-validates-as-required wpcf7-text wpcf7-validates-as-email\" autocomplete=\"email\" aria-required=\"true\" aria-invalid=\"false\" value=\"\" type=\"email\" name=\"your-email\" \/><\/span> <\/label>\n<\/p>\n<p><label> Company<br \/>\n<span class=\"wpcf7-form-control-wrap\" data-name=\"empresa\"><input size=\"40\" maxlength=\"400\" class=\"wpcf7-form-control wpcf7-text wpcf7-validates-as-required\" aria-required=\"true\" aria-invalid=\"false\" value=\"\" type=\"text\" name=\"empresa\" \/><\/span> <\/label>\n<\/p>\n<p><label> Subject<br \/>\n<span class=\"wpcf7-form-control-wrap\" data-name=\"your-subject\"><input size=\"40\" maxlength=\"400\" class=\"wpcf7-form-control wpcf7-text wpcf7-validates-as-required\" aria-required=\"true\" aria-invalid=\"false\" value=\"\" type=\"text\" name=\"your-subject\" \/><\/span> <\/label>\n<\/p>\n<p><label> Message<br \/>\n<span class=\"wpcf7-form-control-wrap\" data-name=\"your-message\"><textarea cols=\"40\" rows=\"10\" maxlength=\"2000\" class=\"wpcf7-form-control wpcf7-textarea\" aria-invalid=\"false\" name=\"your-message\"><\/textarea><\/span> <\/label>\n<\/p>\n<p><input class=\"wpcf7-form-control wpcf7-submit has-spinner\" type=\"submit\" value=\"Send\" \/>\n<\/p><div class=\"wpcf7-response-output\" aria-hidden=\"true\"><\/div>\n<input type=\"hidden\" name=\"trp-form-language\" value=\"en\"\/><\/form>\n<\/div>\n<\/div><\/div>\t\t\t\t<\/div>\n\t\t\t\t<\/div>\n\t\t\t\t\t<\/div>\n\t\t\t\t<\/div>\n\t\t\t\t<\/div>\n\t\t<div class=\"elementor-element elementor-element-758b75e e-con-full e-flex elementor-invisible e-con e-child\" data-id=\"758b75e\" data-element_type=\"container\" data-settings=\"{&quot;background_background&quot;:&quot;slideshow&quot;,&quot;background_slideshow_gallery&quot;:[{&quot;id&quot;:626,&quot;url&quot;:&quot;https:\\\/\\\/sustainamusic.com\\\/wp-content\\\/uploads\\\/2024\\\/09\\\/Noruega.jpg&quot;}],&quot;animation&quot;:&quot;slideInRight&quot;,&quot;animation_delay&quot;:100,&quot;background_slideshow_loop&quot;:&quot;yes&quot;,&quot;background_slideshow_slide_duration&quot;:5000,&quot;background_slideshow_slide_transition&quot;:&quot;fade&quot;,&quot;background_slideshow_transition_duration&quot;:500}\">\n\t\t\t\t<\/div>\n\t\t\t\t<\/div>\n\t\t\t\t<\/div>","protected":false},"excerpt":{"rendered":"<p>Contacto Nombre y apellido N\u00famero de tel\u00e9fono Correo electr\u00f3nico Empresa Asunto Mensaje<\/p>","protected":false},"author":1,"featured_media":0,"parent":0,"menu_order":0,"comment_status":"closed","ping_status":"closed","template":"","meta":{"site-sidebar-layout":"no-sidebar","site-content-layout":"","ast-site-content-layout":"full-width-container","site-content-style":"default","site-sidebar-style":"default","ast-global-header-display":"","ast-banner-title-visibility":"","ast-main-header-display":"","ast-hfb-above-header-display":"","ast-hfb-below-header-display":"","ast-hfb-mobile-header-display":"","site-post-title":"disabled","ast-breadcrumbs-content":"","ast-featured-img":"disabled","footer-sml-layout":"","theme-transparent-header-meta":"","adv-header-id-meta":"","stick-header-meta":"","header-above-stick-meta":"","header-main-stick-meta":"","header-below-stick-meta":"","astra-migrate-meta-layouts":"default","ast-page-background-enabled":"default","ast-page-background-meta":{"desktop":{"background-color":"var(--ast-global-color-4)","background-image":"","background-repeat":"repeat","background-position":"center center","background-size":"auto","background-attachment":"scroll","background-type":"","background-media":"","overlay-type":"","overlay-color":"","overlay-opacity":"","overlay-gradient":""},"tablet":{"background-color":"","background-image":"","background-repeat":"repeat","background-position":"center center","background-size":"auto","background-attachment":"scroll","background-type":"","background-media":"","overlay-type":"","overlay-color":"","overlay-opacity":"","overlay-gradient":""},"mobile":{"background-color":"","background-image":"","background-repeat":"repeat","background-position":"center center","background-size":"auto","background-attachment":"scroll","background-type":"","background-media":"","overlay-type":"","overlay-color":"","overlay-opacity":"","overlay-gradient":""}},"ast-content-background-meta":{"desktop":{"background-color":"var(--ast-global-color-5)","background-image":"","background-repeat":"repeat","background-position":"center center","background-size":"auto","background-attachment":"scroll","background-type":"","background-media":"","overlay-type":"","overlay-color":"","overlay-opacity":"","overlay-gradient":""},"tablet":{"background-color":"var(--ast-global-color-5)","background-image":"","background-repeat":"repeat","background-position":"center center","background-size":"auto","background-attachment":"scroll","background-type":"","background-media":"","overlay-type":"","overlay-color":"","overlay-opacity":"","overlay-gradient":""},"mobile":{"background-color":"var(--ast-global-color-5)","background-image":"","background-repeat":"repeat","background-position":"center center","background-size":"auto","background-attachment":"scroll","background-type":"","background-media":"","overlay-type":"","overlay-color":"","overlay-opacity":"","overlay-gradient":""}},"footnotes":""},"class_list":["post-69","page","type-page","status-publish","hentry"],"yoast_head":"<!-- This site is optimized with the Yoast SEO plugin v26.1.1 - https:\/\/yoast.com\/wordpress\/plugins\/seo\/ -->\n<title>Contacto - SustainaMusic<\/title>\n<meta name=\"robots\" content=\"index, follow, max-snippet:-1, max-image-preview:large, max-video-preview:-1\" \/>\n<link rel=\"canonical\" href=\"https:\/\/sustainamusic.com\/en\/contacto\/\" \/>\n<meta property=\"og:locale\" content=\"en_GB\" \/>\n<meta property=\"og:type\" content=\"article\" \/>\n<meta property=\"og:title\" content=\"Contacto - SustainaMusic\" \/>\n<meta property=\"og:description\" content=\"Contacto Nombre y apellido N\u00famero de tel\u00e9fono Correo electr\u00f3nico Empresa Asunto Mensaje\" \/>\n<meta property=\"og:url\" content=\"https:\/\/sustainamusic.com\/en\/contacto\/\" \/>\n<meta property=\"og:site_name\" content=\"SustainaMusic\" \/>\n<meta property=\"article:modified_time\" content=\"2024-09-27T16:01:52+00:00\" \/>\n<meta name=\"twitter:card\" content=\"summary_large_image\" \/>\n<meta name=\"twitter:site\" content=\"@SustainaMusic\" \/>\n<script type=\"application\/ld+json\" class=\"yoast-schema-graph\">{\"@context\":\"https:\/\/schema.org\",\"@graph\":[{\"@type\":\"WebPage\",\"@id\":\"https:\/\/sustainamusic.com\/contacto\/\",\"url\":\"https:\/\/sustainamusic.com\/contacto\/\",\"name\":\"Contacto - SustainaMusic\",\"isPartOf\":{\"@id\":\"https:\/\/sustainamusic.com\/#website\"},\"datePublished\":\"2024-09-05T04:58:44+00:00\",\"dateModified\":\"2024-09-27T16:01:52+00:00\",\"breadcrumb\":{\"@id\":\"https:\/\/sustainamusic.com\/contacto\/#breadcrumb\"},\"inLanguage\":\"en-GB\",\"potentialAction\":[{\"@type\":\"ReadAction\",\"target\":[\"https:\/\/sustainamusic.com\/contacto\/\"]}]},{\"@type\":\"BreadcrumbList\",\"@id\":\"https:\/\/sustainamusic.com\/contacto\/#breadcrumb\",\"itemListElement\":[{\"@type\":\"ListItem\",\"position\":1,\"name\":\"Portada\",\"item\":\"https:\/\/sustainamusic.com\/\"},{\"@type\":\"ListItem\",\"position\":2,\"name\":\"Contacto\"}]},{\"@type\":\"WebSite\",\"@id\":\"https:\/\/sustainamusic.com\/#website\",\"url\":\"https:\/\/sustainamusic.com\/\",\"name\":\"SustainaMusic\",\"description\":\"Sostenibilidad en Eventos Musicales\",\"publisher\":{\"@id\":\"https:\/\/sustainamusic.com\/#organization\"},\"potentialAction\":[{\"@type\":\"SearchAction\",\"target\":{\"@type\":\"EntryPoint\",\"urlTemplate\":\"https:\/\/sustainamusic.com\/?s={search_term_string}\"},\"query-input\":{\"@type\":\"PropertyValueSpecification\",\"valueRequired\":true,\"valueName\":\"search_term_string\"}}],\"inLanguage\":\"en-GB\"},{\"@type\":\"Organization\",\"@id\":\"https:\/\/sustainamusic.com\/#organization\",\"name\":\"SustainaMusic\",\"url\":\"https:\/\/sustainamusic.com\/\",\"logo\":{\"@type\":\"ImageObject\",\"inLanguage\":\"en-GB\",\"@id\":\"https:\/\/sustainamusic.com\/#\/schema\/logo\/image\/\",\"url\":\"https:\/\/sustainamusic.com\/wp-content\/uploads\/2024\/11\/Logo-Nuevo-Sustaina-Music.png\",\"contentUrl\":\"https:\/\/sustainamusic.com\/wp-content\/uploads\/2024\/11\/Logo-Nuevo-Sustaina-Music.png\",\"width\":717,\"height\":160,\"caption\":\"SustainaMusic\"},\"image\":{\"@id\":\"https:\/\/sustainamusic.com\/#\/schema\/logo\/image\/\"},\"sameAs\":[\"https:\/\/x.com\/SustainaMusic\",\"https:\/\/www.instagram.com\/sustaina.music\",\"https:\/\/www.linkedin.com\/company\/sustainamusic\/\"]}]}<\/script>\n<!-- \/ Yoast SEO plugin. -->","yoast_head_json":{"title":"Contacto - SustainaMusic","robots":{"index":"index","follow":"follow","max-snippet":"max-snippet:-1","max-image-preview":"max-image-preview:large","max-video-preview":"max-video-preview:-1"},"canonical":"https:\/\/sustainamusic.com\/en\/contacto\/","og_locale":"en_GB","og_type":"article","og_title":"Contacto - SustainaMusic","og_description":"Contacto Nombre y apellido N\u00famero de tel\u00e9fono Correo electr\u00f3nico Empresa Asunto Mensaje","og_url":"https:\/\/sustainamusic.com\/en\/contacto\/","og_site_name":"SustainaMusic","article_modified_time":"2024-09-27T16:01:52+00:00","twitter_card":"summary_large_image","twitter_site":"@SustainaMusic","schema":{"@context":"https:\/\/schema.org","@graph":[{"@type":"WebPage","@id":"https:\/\/sustainamusic.com\/contacto\/","url":"https:\/\/sustainamusic.com\/contacto\/","name":"Contacto - SustainaMusic","isPartOf":{"@id":"https:\/\/sustainamusic.com\/#website"},"datePublished":"2024-09-05T04:58:44+00:00","dateModified":"2024-09-27T16:01:52+00:00","breadcrumb":{"@id":"https:\/\/sustainamusic.com\/contacto\/#breadcrumb"},"inLanguage":"en-GB","potentialAction":[{"@type":"ReadAction","target":["https:\/\/sustainamusic.com\/contacto\/"]}]},{"@type":"BreadcrumbList","@id":"https:\/\/sustainamusic.com\/contacto\/#breadcrumb","itemListElement":[{"@type":"ListItem","position":1,"name":"Portada","item":"https:\/\/sustainamusic.com\/"},{"@type":"ListItem","position":2,"name":"Contacto"}]},{"@type":"WebSite","@id":"https:\/\/sustainamusic.com\/#website","url":"https:\/\/sustainamusic.com\/","name":"SustainaMusic","description":"Sostenibilidad en Eventos Musicales","publisher":{"@id":"https:\/\/sustainamusic.com\/#organization"},"potentialAction":[{"@type":"SearchAction","target":{"@type":"EntryPoint","urlTemplate":"https:\/\/sustainamusic.com\/?s={search_term_string}"},"query-input":{"@type":"PropertyValueSpecification","valueRequired":true,"valueName":"search_term_string"}}],"inLanguage":"en-GB"},{"@type":"Organization","@id":"https:\/\/sustainamusic.com\/#organization","name":"SustainaMusic","url":"https:\/\/sustainamusic.com\/","logo":{"@type":"ImageObject","inLanguage":"en-GB","@id":"https:\/\/sustainamusic.com\/#\/schema\/logo\/image\/","url":"https:\/\/sustainamusic.com\/wp-content\/uploads\/2024\/11\/Logo-Nuevo-Sustaina-Music.png","contentUrl":"https:\/\/sustainamusic.com\/wp-content\/uploads\/2024\/11\/Logo-Nuevo-Sustaina-Music.png","width":717,"height":160,"caption":"SustainaMusic"},"image":{"@id":"https:\/\/sustainamusic.com\/#\/schema\/logo\/image\/"},"sameAs":["https:\/\/x.com\/SustainaMusic","https:\/\/www.instagram.com\/sustaina.music","https:\/\/www.linkedin.com\/company\/sustainamusic\/"]}]}},"_links":{"self":[{"href":"https:\/\/sustainamusic.com\/en\/wp-json\/wp\/v2\/pages\/69","targetHints":{"allow":["GET"]}}],"collection":[{"href":"https:\/\/sustainamusic.com\/en\/wp-json\/wp\/v2\/pages"}],"about":[{"href":"https:\/\/sustainamusic.com\/en\/wp-json\/wp\/v2\/types\/page"}],"author":[{"embeddable":true,"href":"https:\/\/sustainamusic.com\/en\/wp-json\/wp\/v2\/users\/1"}],"replies":[{"embeddable":true,"href":"https:\/\/sustainamusic.com\/en\/wp-json\/wp\/v2\/comments?post=69"}],"version-history":[{"count":151,"href":"https:\/\/sustainamusic.com\/en\/wp-json\/wp\/v2\/pages\/69\/revisions"}],"predecessor-version":[{"id":1578,"href":"https:\/\/sustainamusic.com\/en\/wp-json\/wp\/v2\/pages\/69\/revisions\/1578"}],"wp:attachment":[{"href":"https:\/\/sustainamusic.com\/en\/wp-json\/wp\/v2\/media?parent=69"}],"curies":[{"name":"wp","href":"https:\/\/api.w.org\/{rel}","templated":true}]}}